{"id":529,"date":"2021-12-23T22:43:09","date_gmt":"2021-12-23T22:43:09","guid":{"rendered":"https:\/\/startersites.io\/blocksy\/garderobe\/?post_type=product&#038;p=529"},"modified":"2025-07-29T15:30:55","modified_gmt":"2025-07-29T18:30:55","slug":"cctv","status":"publish","type":"product","link":"https:\/\/acansecurity.cl\/online\/product\/cctv\/","title":{"rendered":"CURSO DE CCTV"},"content":{"rendered":"<p data-start=\"187\" data-end=\"492\">Este curso est\u00e1 pensado para ense\u00f1ar a personas c\u00f3mo <strong data-start=\"240\" data-end=\"302\">instalar, usar y mantener sistemas de c\u00e1maras de seguridad<\/strong>. Durante la formaci\u00f3n, los alumnos aprender\u00e1n a trabajar con distintos tipos de c\u00e1maras, equipos de grabaci\u00f3n y redes que permiten <strong data-start=\"434\" data-end=\"469\">vigilar espacios en tiempo real<\/strong> o revisar grabaciones.<\/p>\n<p data-start=\"494\" data-end=\"713\">El contenido incluye desde lo m\u00e1s b\u00e1sico (c\u00f3mo funcionan las c\u00e1maras) hasta temas m\u00e1s t\u00e9cnicos, como el uso de grabadores digitales (DVR\/NVR), configuraci\u00f3n de c\u00e1maras IP, conexiones el\u00e9ctricas y normas de instalaci\u00f3n.<\/p>\n<p data-start=\"715\" data-end=\"911\">Es ideal para quienes buscan trabajar en el \u00e1rea de <strong data-start=\"767\" data-end=\"792\">seguridad electr\u00f3nica<\/strong>, ya sea en casas, edificios, empresas o industrias, ayudando a proteger personas y bienes mediante la videovigilancia.<\/p>\n<p><strong>MEDIOS DE PAGO DISPONIBLES:<\/strong><br \/>\n<img loading=\"lazy\" decoding=\"async\" src=\"https:\/\/acansecurity.cl\/online\/wp-content\/uploads\/2021\/12\/webpay-transbank-logo-300x171.png\" alt=\"\" width=\"300\" height=\"171\" class=\"alignnone size-medium wp-image-739\" srcset=\"https:\/\/acansecurity.cl\/online\/wp-content\/uploads\/2021\/12\/webpay-transbank-logo-300x171.png 300w, https:\/\/acansecurity.cl\/online\/wp-content\/uploads\/2021\/12\/webpay-transbank-logo-1024x584.png 1024w, https:\/\/acansecurity.cl\/online\/wp-content\/uploads\/2021\/12\/webpay-transbank-logo-768x438.png 768w, https:\/\/acansecurity.cl\/online\/wp-content\/uploads\/2021\/12\/webpay-transbank-logo-1536x875.png 1536w, https:\/\/acansecurity.cl\/online\/wp-content\/uploads\/2021\/12\/webpay-transbank-logo-2048x1167.png 2048w, https:\/\/acansecurity.cl\/online\/wp-content\/uploads\/2021\/12\/webpay-transbank-logo-600x342.png 600w\" sizes=\"auto, (max-width: 300px) 100vw, 300px\" \/><\/p>\n","protected":false},"excerpt":{"rendered":"<p data-start=\"176\" data-end=\"395\">El <strong data-start=\"179\" data-end=\"229\">Curso de Circuito Cerrado de Televisi\u00f3n (CCTV)<\/strong> es una capacitaci\u00f3n t\u00e9cnica orientada a la formaci\u00f3n de profesionales en la <strong data-start=\"306\" data-end=\"363\">instalaci\u00f3n, configuraci\u00f3n, operaci\u00f3n y mantenimiento<\/strong> de sistemas de videovigilancia.<\/p>\n<p data-start=\"397\" data-end=\"458\">Este tipo de curso entrega conocimientos fundamentales sobre:<\/p>\n<ul data-start=\"460\" data-end=\"752\">\n<li data-start=\"460\" data-end=\"530\">\n<p data-start=\"462\" data-end=\"530\"><strong data-start=\"462\" data-end=\"528\">Principios de funcionamiento de c\u00e1maras anal\u00f3gicas y digitales<\/strong><\/p>\n<\/li>\n<li data-start=\"531\" data-end=\"584\">\n<p data-start=\"533\" data-end=\"584\"><strong data-start=\"533\" data-end=\"584\">Tipos de c\u00e1maras, lentes y grabadores (DVR\/NVR)<\/strong><\/p>\n<\/li>\n<li data-start=\"585\" data-end=\"633\">\n<p data-start=\"587\" data-end=\"633\"><strong data-start=\"587\" data-end=\"633\">Cableado estructurado y redes para CCTV IP<\/strong><\/p>\n<\/li>\n<li data-start=\"634\" data-end=\"688\">\n<p data-start=\"636\" data-end=\"688\"><strong data-start=\"636\" data-end=\"688\">Monitoreo, almacenamiento de im\u00e1genes y respaldo<\/strong><\/p>\n<\/li>\n<li data-start=\"689\" data-end=\"752\">\n<p data-start=\"691\" data-end=\"752\"><strong data-start=\"691\" data-end=\"752\">Normativas de seguridad y buenas pr\u00e1cticas de instalaci\u00f3n<\/strong><\/p>\n<\/li>\n<\/ul>\n<p data-start=\"754\" data-end=\"1024\">El objetivo del curso es preparar a los participantes para desempe\u00f1arse en entornos residenciales, comerciales e industriales, asegurando una correcta implementaci\u00f3n de sistemas de vigilancia que refuercen la <strong data-start=\"963\" data-end=\"987\">seguridad preventiva<\/strong> y el <strong data-start=\"993\" data-end=\"1023\">control visual de espacios<\/strong>.<\/p>\n","protected":false},"featured_media":624,"comment_status":"open","ping_status":"closed","template":"","meta":[],"product_brand":[],"product_cat":[22],"product_tag":[],"class_list":{"0":"post-529","1":"product","2":"type-product","3":"status-publish","4":"has-post-thumbnail","6":"product_cat-cctv","8":"first","9":"instock","10":"sale","11":"virtual","12":"sold-individually","13":"purchasable","14":"product-type-simple"},"_links":{"self":[{"href":"https:\/\/acansecurity.cl\/online\/wp-json\/wp\/v2\/product\/529","targetHints":{"allow":["GET"]}}],"collection":[{"href":"https:\/\/acansecurity.cl\/online\/wp-json\/wp\/v2\/product"}],"about":[{"href":"https:\/\/acansecurity.cl\/online\/wp-json\/wp\/v2\/types\/product"}],"replies":[{"embeddable":true,"href":"https:\/\/acansecurity.cl\/online\/wp-json\/wp\/v2\/comments?post=529"}],"wp:featuredmedia":[{"embeddable":true,"href":"https:\/\/acansecurity.cl\/online\/wp-json\/wp\/v2\/media\/624"}],"wp:attachment":[{"href":"https:\/\/acansecurity.cl\/online\/wp-json\/wp\/v2\/media?parent=529"}],"wp:term":[{"taxonomy":"product_brand","embeddable":true,"href":"https:\/\/acansecurity.cl\/online\/wp-json\/wp\/v2\/product_brand?post=529"},{"taxonomy":"product_cat","embeddable":true,"href":"https:\/\/acansecurity.cl\/online\/wp-json\/wp\/v2\/product_cat?post=529"},{"taxonomy":"product_tag","embeddable":true,"href":"https:\/\/acansecurity.cl\/online\/wp-json\/wp\/v2\/product_tag?post=529"}],"curies":[{"name":"wp","href":"https:\/\/api.w.org\/{rel}","templated":true}]}}