{"id":532,"date":"2021-12-23T22:46:01","date_gmt":"2021-12-23T22:46:01","guid":{"rendered":"https:\/\/startersites.io\/blocksy\/garderobe\/?post_type=product&#038;p=532"},"modified":"2025-07-29T15:31:42","modified_gmt":"2025-07-29T18:31:42","slug":"supervisor","status":"publish","type":"product","link":"https:\/\/acansecurity.cl\/online\/product\/supervisor\/","title":{"rendered":"CURSO SUPERVISOR DE SEGURIDAD"},"content":{"rendered":"<p data-start=\"170\" data-end=\"408\">El <strong data-start=\"173\" data-end=\"196\">Curso de Supervisor<\/strong> impartido por <strong data-start=\"211\" data-end=\"228\">ACAN SECURITY<\/strong> tiene como objetivo principal <strong data-start=\"259\" data-end=\"318\">capacitar a profesionales del \u00e1rea de seguridad privada<\/strong> para que asuman roles de supervisi\u00f3n con eficacia, liderazgo y responsabilidad operativa.<\/p>\n<p data-start=\"410\" data-end=\"495\">Durante el desarrollo del curso, los participantes adquirir\u00e1n conocimientos clave en:<\/p>\n<ul data-start=\"497\" data-end=\"749\">\n<li data-start=\"497\" data-end=\"546\">\n<p data-start=\"499\" data-end=\"546\"><strong data-start=\"499\" data-end=\"546\">Gesti\u00f3n y liderazgo de equipos de seguridad<\/strong><\/p>\n<\/li>\n<li data-start=\"547\" data-end=\"599\">\n<p data-start=\"549\" data-end=\"599\"><strong data-start=\"549\" data-end=\"599\">Coordinaci\u00f3n de turnos y control de asistencia<\/strong><\/p>\n<\/li>\n<li data-start=\"600\" data-end=\"640\">\n<p data-start=\"602\" data-end=\"640\"><strong data-start=\"602\" data-end=\"640\">Elaboraci\u00f3n de informes operativos<\/strong><\/p>\n<\/li>\n<li data-start=\"641\" data-end=\"699\">\n<p data-start=\"643\" data-end=\"699\"><strong data-start=\"643\" data-end=\"699\">Manejo de conflictos y toma de decisiones en terreno<\/strong><\/p>\n<\/li>\n<li data-start=\"700\" data-end=\"749\">\n<p data-start=\"702\" data-end=\"749\"><strong data-start=\"702\" data-end=\"749\">Protocolos de actuaci\u00f3n y normativa vigente<\/strong><\/p>\n<\/li>\n<\/ul>\n<p data-start=\"751\" data-end=\"1025\">El curso combina contenidos te\u00f3ricos con situaciones pr\u00e1cticas, fomentando un aprendizaje aplicado a escenarios reales. Est\u00e1 dirigido a guardias, operadores y personal que aspire a cargos de supervisi\u00f3n o que ya se desempe\u00f1e en dicho rol y desee fortalecer sus competencias.<\/p>\n<p data-start=\"1027\" data-end=\"1185\"><strong data-start=\"1027\" data-end=\"1044\">ACAN SECURITY<\/strong>, con amplia experiencia en la industria, respalda esta formaci\u00f3n con metodolog\u00edas actuales y un enfoque orientado a la excelencia operativa.<\/p>\n<p><strong>MEDIOS DE PAGO DISPONIBLES:<\/strong><br \/>\n<img loading=\"lazy\" decoding=\"async\" class=\"alignnone size-medium wp-image-739\" src=\"https:\/\/acansecurity.cl\/online\/wp-content\/uploads\/2021\/12\/webpay-transbank-logo-300x171.png\" alt=\"\" width=\"300\" height=\"171\" srcset=\"https:\/\/acansecurity.cl\/online\/wp-content\/uploads\/2021\/12\/webpay-transbank-logo-300x171.png 300w, https:\/\/acansecurity.cl\/online\/wp-content\/uploads\/2021\/12\/webpay-transbank-logo-1024x584.png 1024w, https:\/\/acansecurity.cl\/online\/wp-content\/uploads\/2021\/12\/webpay-transbank-logo-768x438.png 768w, https:\/\/acansecurity.cl\/online\/wp-content\/uploads\/2021\/12\/webpay-transbank-logo-1536x875.png 1536w, https:\/\/acansecurity.cl\/online\/wp-content\/uploads\/2021\/12\/webpay-transbank-logo-2048x1167.png 2048w, https:\/\/acansecurity.cl\/online\/wp-content\/uploads\/2021\/12\/webpay-transbank-logo-600x342.png 600w\" sizes=\"auto, (max-width: 300px) 100vw, 300px\" \/><\/p>\n","protected":false},"excerpt":{"rendered":"<p data-start=\"166\" data-end=\"563\">El <strong data-start=\"169\" data-end=\"192\">Curso de Supervisor<\/strong> ofrecido por <strong data-start=\"206\" data-end=\"223\">ACAN SECURITY<\/strong> est\u00e1 dise\u00f1ado para formar l\u00edderes en el \u00e1rea de seguridad privada con altos est\u00e1ndares de profesionalismo y responsabilidad. A trav\u00e9s de contenidos pr\u00e1cticos y te\u00f3ricos, los participantes adquieren competencias clave en <strong data-start=\"444\" data-end=\"534\">gesti\u00f3n de equipos, control de turnos, redacci\u00f3n de informes, resoluci\u00f3n de conflictos<\/strong> y <strong data-start=\"537\" data-end=\"562\">protocolos operativos<\/strong>.<\/p>\n<p data-start=\"565\" data-end=\"865\">Con un enfoque actualizado y aplicado a escenarios reales, este curso es ideal para quienes desean <strong data-start=\"664\" data-end=\"709\">ascender dentro del rubro de la seguridad<\/strong> o reforzar su rol como supervisores en terreno. ACAN SECURITY destaca por su experiencia en el rubro y compromiso con la formaci\u00f3n continua de su personal.<\/p>\n","protected":false},"featured_media":620,"comment_status":"open","ping_status":"closed","template":"","meta":[],"product_brand":[],"product_cat":[20],"product_tag":[],"class_list":{"0":"post-532","1":"product","2":"type-product","3":"status-publish","4":"has-post-thumbnail","6":"product_cat-supervisioress","8":"first","9":"instock","10":"sale","11":"virtual","12":"sold-individually","13":"purchasable","14":"product-type-simple"},"_links":{"self":[{"href":"https:\/\/acansecurity.cl\/online\/wp-json\/wp\/v2\/product\/532","targetHints":{"allow":["GET"]}}],"collection":[{"href":"https:\/\/acansecurity.cl\/online\/wp-json\/wp\/v2\/product"}],"about":[{"href":"https:\/\/acansecurity.cl\/online\/wp-json\/wp\/v2\/types\/product"}],"replies":[{"embeddable":true,"href":"https:\/\/acansecurity.cl\/online\/wp-json\/wp\/v2\/comments?post=532"}],"wp:featuredmedia":[{"embeddable":true,"href":"https:\/\/acansecurity.cl\/online\/wp-json\/wp\/v2\/media\/620"}],"wp:attachment":[{"href":"https:\/\/acansecurity.cl\/online\/wp-json\/wp\/v2\/media?parent=532"}],"wp:term":[{"taxonomy":"product_brand","embeddable":true,"href":"https:\/\/acansecurity.cl\/online\/wp-json\/wp\/v2\/product_brand?post=532"},{"taxonomy":"product_cat","embeddable":true,"href":"https:\/\/acansecurity.cl\/online\/wp-json\/wp\/v2\/product_cat?post=532"},{"taxonomy":"product_tag","embeddable":true,"href":"https:\/\/acansecurity.cl\/online\/wp-json\/wp\/v2\/product_tag?post=532"}],"curies":[{"name":"wp","href":"https:\/\/api.w.org\/{rel}","templated":true}]}}