{"id":712,"date":"2025-06-29T13:13:47","date_gmt":"2025-06-29T16:13:47","guid":{"rendered":"https:\/\/acansecurity.cl\/online\/?post_type=product&#038;p=712"},"modified":"2025-07-18T11:32:53","modified_gmt":"2025-07-18T14:32:53","slug":"curso-certificado-de-defensa-personal","status":"publish","type":"product","link":"https:\/\/acansecurity.cl\/online\/product\/curso-certificado-de-defensa-personal\/","title":{"rendered":"CURSO CERTIFICADO DE DEFENSA PERSONAL"},"content":{"rendered":"<p>\ud83c\udfaf \u00bfTrabajas en seguridad o aspiras a ingresar al rubro? Este curso es para ti.<\/p>\n<p>\ud83d\udd10 Curso Certificado de Defensa Personal \u2013 Manejo de Esposas y Bast\u00f3n<br \/>\n\ud83d\udccd Acreditado por OS10 de Carabineros de Chile \u2013 N\u00b0 320101030105<br \/>\n\ud83d\udcda Impartido por ACAN SECURITY, expertos en formaci\u00f3n profesional en seguridad.<\/p>\n<p>\ud83d\udc4a \u00bfQu\u00e9 aprender\u00e1s?<br \/>\n\u2714 T\u00e9cnicas efectivas de defensa personal adaptadas a situaciones reales.<br \/>\n\u2714 Uso profesional y seguro de esposas de seguridad.<br \/>\n\u2714 Manejo t\u00e1ctico del bast\u00f3n policial.<br \/>\n\u2714 Protocolos y normativas OS10 aplicadas al uso de la fuerza.<\/p>\n<p>\ud83d\udcdc Certificaci\u00f3n v\u00e1lida a nivel nacional, ideal para:<\/p>\n<p>Guardias de seguridad.<\/p>\n<p>Escoltas y vigilantes privados.<\/p>\n<p>Personal de instituciones p\u00fablicas y privadas.<\/p>\n<p>Personas que busquen formaci\u00f3n acreditada en seguridad.<\/p>\n<p>\ud83d\udee1\ufe0f Por qu\u00e9 elegirnos:<br \/>\n\u2705 Curso 100% certificado.<br \/>\n\u2705 Instructores con amplia experiencia operativa.<br \/>\n\u2705 Formaci\u00f3n te\u00f3rico-pr\u00e1ctica con equipamiento real.<br \/>\n\u2705 Requisito valorado en procesos de acreditaci\u00f3n OS10.<\/p>\n<p>\ud83d\udcf2 Inscr\u00edbete hoy y potencia tu perfil profesional en seguridad!<br \/>\n\ud83d\udcac Cupos limitados \u2013 Consulta por precios especiales para grupos.<\/p>\n<p><strong>MEDIOS DE PAGO DISPONIBLES:<\/strong><br \/>\n<img loading=\"lazy\" decoding=\"async\" class=\"alignnone size-medium wp-image-739\" src=\"https:\/\/acansecurity.cl\/online\/wp-content\/uploads\/2021\/12\/webpay-transbank-logo-300x171.png\" alt=\"\" width=\"300\" height=\"171\" srcset=\"https:\/\/acansecurity.cl\/online\/wp-content\/uploads\/2021\/12\/webpay-transbank-logo-300x171.png 300w, https:\/\/acansecurity.cl\/online\/wp-content\/uploads\/2021\/12\/webpay-transbank-logo-1024x584.png 1024w, https:\/\/acansecurity.cl\/online\/wp-content\/uploads\/2021\/12\/webpay-transbank-logo-768x438.png 768w, https:\/\/acansecurity.cl\/online\/wp-content\/uploads\/2021\/12\/webpay-transbank-logo-1536x875.png 1536w, https:\/\/acansecurity.cl\/online\/wp-content\/uploads\/2021\/12\/webpay-transbank-logo-2048x1167.png 2048w, https:\/\/acansecurity.cl\/online\/wp-content\/uploads\/2021\/12\/webpay-transbank-logo-600x342.png 600w\" sizes=\"auto, (max-width: 300px) 100vw, 300px\" \/><\/p>\n","protected":false},"excerpt":{"rendered":"<p><strong>Inicio de Curso el 04 de Agosto de 2025.<\/strong><\/p>\n<p><strong>VALOR INCLUYE DIPLOMA Y COFFEE BREAK<\/strong><\/p>\n","protected":false},"featured_media":713,"comment_status":"open","ping_status":"closed","template":"","meta":[],"product_brand":[],"product_cat":[27],"product_tag":[],"class_list":{"0":"post-712","1":"product","2":"type-product","3":"status-publish","4":"has-post-thumbnail","6":"product_cat-defensa-personal","8":"first","9":"instock","10":"sale","11":"virtual","12":"sold-individually","13":"purchasable","14":"product-type-simple"},"_links":{"self":[{"href":"https:\/\/acansecurity.cl\/online\/wp-json\/wp\/v2\/product\/712","targetHints":{"allow":["GET"]}}],"collection":[{"href":"https:\/\/acansecurity.cl\/online\/wp-json\/wp\/v2\/product"}],"about":[{"href":"https:\/\/acansecurity.cl\/online\/wp-json\/wp\/v2\/types\/product"}],"replies":[{"embeddable":true,"href":"https:\/\/acansecurity.cl\/online\/wp-json\/wp\/v2\/comments?post=712"}],"wp:featuredmedia":[{"embeddable":true,"href":"https:\/\/acansecurity.cl\/online\/wp-json\/wp\/v2\/media\/713"}],"wp:attachment":[{"href":"https:\/\/acansecurity.cl\/online\/wp-json\/wp\/v2\/media?parent=712"}],"wp:term":[{"taxonomy":"product_brand","embeddable":true,"href":"https:\/\/acansecurity.cl\/online\/wp-json\/wp\/v2\/product_brand?post=712"},{"taxonomy":"product_cat","embeddable":true,"href":"https:\/\/acansecurity.cl\/online\/wp-json\/wp\/v2\/product_cat?post=712"},{"taxonomy":"product_tag","embeddable":true,"href":"https:\/\/acansecurity.cl\/online\/wp-json\/wp\/v2\/product_tag?post=712"}],"curies":[{"name":"wp","href":"https:\/\/api.w.org\/{rel}","templated":true}]}}