{"id":715,"date":"2025-06-29T13:35:22","date_gmt":"2025-06-29T16:35:22","guid":{"rendered":"https:\/\/acansecurity.cl\/online\/?post_type=product&#038;p=715"},"modified":"2025-06-29T15:59:07","modified_gmt":"2025-06-29T18:59:07","slug":"certificado-de-defensa-personal-armas-cortopunzante","status":"publish","type":"product","link":"https:\/\/acansecurity.cl\/online\/product\/certificado-de-defensa-personal-armas-cortopunzante\/","title":{"rendered":"CURSO CERTIFICADO DE DEFENSA PERSONAL ARMAS CORTOPUNZANTE"},"content":{"rendered":"<p>\ud83d\udccc Impartido por ACAN SECURITY SPA<br \/>\n\u2705 Acreditado por OS10 de Carabineros de Chile N\u00b0 320101030105<\/p>\n<p>\u00bfTrabajas en seguridad o te enfrentas a situaciones de riesgo? Este curso es esencial para ti.<\/p>\n<p>\ud83d\udd2a \u00bfQu\u00e9 aprender\u00e1s?<br \/>\n\u2714 Uso defensivo y responsable de armas cortopunzantes.<br \/>\n\u2714 T\u00e9cnicas de neutralizaci\u00f3n y control en escenarios reales.<br \/>\n\u2714 Reglas y normativas OS10 sobre el porte, uso y resguardo.<br \/>\n\u2714 Identificaci\u00f3n de situaciones de amenaza y reacci\u00f3n t\u00e1ctica.<\/p>\n<p>\ud83c\udfaf Ideal para:<\/p>\n<p>Guardias de seguridad privada.<\/p>\n<p>Escoltas y agentes de protecci\u00f3n.<\/p>\n<p>Personal de transporte de valores.<\/p>\n<p>Toda persona que busque capacitaci\u00f3n certificada en defensa personal.<\/p>\n<p>\ud83d\udcdc Beneficios del curso:<br \/>\n\u2705 Certificaci\u00f3n oficial con validez nacional.<br \/>\n\u2705 Formaci\u00f3n te\u00f3rico-pr\u00e1ctica con instructores expertos.<br \/>\n\u2705 Requisito valorado en procesos de acreditaci\u00f3n y actualizaci\u00f3n OS10.<br \/>\n\u2705 Cupos limitados para asegurar una formaci\u00f3n personalizada.<\/p>\n<p>\ud83d\udcdd Proceso de inscripci\u00f3n:<br \/>\nUna vez confirmado tu pago, ACAN SECURITY SPA se pondr\u00e1 en contacto contigo para entregarte todos los detalles del curso: fechas, horarios, materiales y modalidad.<\/p>\n<p>\ud83d\udcf2 Invierte en tu seguridad, profesionaliza tu perfil.<br \/>\n\ud83d\udcac \u00a1Cont\u00e1ctanos ahora y asegura tu cupo!<\/p>\n<p><strong>MEDIOS DE PAGO DISPONIBLES:<\/strong><br \/>\n<img loading=\"lazy\" decoding=\"async\" src=\"https:\/\/acansecurity.cl\/online\/wp-content\/uploads\/2021\/12\/webpay-transbank-logo-300x171.png\" alt=\"\" width=\"300\" height=\"171\" class=\"alignnone size-medium wp-image-739\" srcset=\"https:\/\/acansecurity.cl\/online\/wp-content\/uploads\/2021\/12\/webpay-transbank-logo-300x171.png 300w, https:\/\/acansecurity.cl\/online\/wp-content\/uploads\/2021\/12\/webpay-transbank-logo-1024x584.png 1024w, https:\/\/acansecurity.cl\/online\/wp-content\/uploads\/2021\/12\/webpay-transbank-logo-768x438.png 768w, https:\/\/acansecurity.cl\/online\/wp-content\/uploads\/2021\/12\/webpay-transbank-logo-1536x875.png 1536w, https:\/\/acansecurity.cl\/online\/wp-content\/uploads\/2021\/12\/webpay-transbank-logo-2048x1167.png 2048w, https:\/\/acansecurity.cl\/online\/wp-content\/uploads\/2021\/12\/webpay-transbank-logo-600x342.png 600w\" sizes=\"auto, (max-width: 300px) 100vw, 300px\" \/><\/p>\n","protected":false},"excerpt":{"rendered":"<p>\ud83d\udccc Impartido por ACAN SECURITY SPA \u2705 Acreditado por OS10 de Carabineros de Chile N\u00b0 320101030105 \u00bfTrabajas en seguridad o te enfrentas a situaciones de riesgo? Este curso es esencial para ti. \ud83d\udd2a \u00bfQu\u00e9 aprender\u00e1s? \u2714 Uso defensivo y responsable de armas cortopunzantes. \u2714 T\u00e9cnicas de neutralizaci\u00f3n y control en escenarios reales. \u2714 Reglas y [&hellip;]<\/p>\n","protected":false},"featured_media":716,"comment_status":"open","ping_status":"closed","template":"","meta":[],"product_brand":[],"product_cat":[27],"product_tag":[],"class_list":{"0":"post-715","1":"product","2":"type-product","3":"status-publish","4":"has-post-thumbnail","6":"product_cat-defensa-personal","8":"first","9":"instock","10":"sale","11":"virtual","12":"purchasable","13":"product-type-simple"},"_links":{"self":[{"href":"https:\/\/acansecurity.cl\/online\/wp-json\/wp\/v2\/product\/715","targetHints":{"allow":["GET"]}}],"collection":[{"href":"https:\/\/acansecurity.cl\/online\/wp-json\/wp\/v2\/product"}],"about":[{"href":"https:\/\/acansecurity.cl\/online\/wp-json\/wp\/v2\/types\/product"}],"replies":[{"embeddable":true,"href":"https:\/\/acansecurity.cl\/online\/wp-json\/wp\/v2\/comments?post=715"}],"wp:featuredmedia":[{"embeddable":true,"href":"https:\/\/acansecurity.cl\/online\/wp-json\/wp\/v2\/media\/716"}],"wp:attachment":[{"href":"https:\/\/acansecurity.cl\/online\/wp-json\/wp\/v2\/media?parent=715"}],"wp:term":[{"taxonomy":"product_brand","embeddable":true,"href":"https:\/\/acansecurity.cl\/online\/wp-json\/wp\/v2\/product_brand?post=715"},{"taxonomy":"product_cat","embeddable":true,"href":"https:\/\/acansecurity.cl\/online\/wp-json\/wp\/v2\/product_cat?post=715"},{"taxonomy":"product_tag","embeddable":true,"href":"https:\/\/acansecurity.cl\/online\/wp-json\/wp\/v2\/product_tag?post=715"}],"curies":[{"name":"wp","href":"https:\/\/api.w.org\/{rel}","templated":true}]}}